{"id":1154,"date":"2023-10-03T15:50:46","date_gmt":"2023-10-03T13:50:46","guid":{"rendered":"https:\/\/www.empacktampere.fi\/cookie-consent\/"},"modified":"2025-10-01T10:56:37","modified_gmt":"2025-10-01T08:56:37","slug":"cookie-consent","status":"publish","type":"page","link":"https:\/\/www.empacktampere.fi\/fi\/cookie-consent\/","title":{"rendered":"Ev\u00e4stesuostumus"},"content":{"rendered":"\t\t<div data-elementor-type=\"wp-page\" data-elementor-id=\"1154\" class=\"elementor elementor-1154 elementor-1031\" data-elementor-post-type=\"page\">\n\t\t\t\t\t\t<section class=\"elementor-section elementor-top-section elementor-element elementor-element-1225d490 elementor-section-boxed elementor-section-height-default elementor-section-height-default\" data-id=\"1225d490\" data-element_type=\"section\">\n\t\t\t\t\t\t<div class=\"elementor-container elementor-column-gap-default\">\n\t\t\t\t\t<div class=\"elementor-column elementor-col-100 elementor-top-column elementor-element elementor-element-2a9f338d\" data-id=\"2a9f338d\" data-element_type=\"column\">\n\t\t\t<div class=\"elementor-widget-wrap elementor-element-populated\">\n\t\t\t\t\t\t<section class=\"elementor-section elementor-inner-section elementor-element elementor-element-267332d2 elementor-section-boxed elementor-section-height-default elementor-section-height-default\" data-id=\"267332d2\" data-element_type=\"section\">\n\t\t\t\t\t\t<div class=\"elementor-container elementor-column-gap-default\">\n\t\t\t\t\t<div class=\"elementor-column elementor-col-50 elementor-inner-column elementor-element elementor-element-419e0f82\" data-id=\"419e0f82\" data-element_type=\"column\">\n\t\t\t<div class=\"elementor-widget-wrap elementor-element-populated\">\n\t\t\t\t\t\t<div class=\"elementor-element elementor-element-4530d519 elementor-widget elementor-widget-heading\" data-id=\"4530d519\" data-element_type=\"widget\" data-widget_type=\"heading.default\">\n\t\t\t\t<div class=\"elementor-widget-container\">\n\t\t\t\t\t<h2 class=\"elementor-heading-title elementor-size-default\">EV\u00c4STEK\u00c4YT\u00c4NT\u00d6<\/h2>\t\t\t\t<\/div>\n\t\t\t\t<\/div>\n\t\t\t\t\t<\/div>\n\t\t<\/div>\n\t\t\t\t<div class=\"elementor-column elementor-col-50 elementor-inner-column elementor-element elementor-element-307eed8\" data-id=\"307eed8\" data-element_type=\"column\">\n\t\t\t<div class=\"elementor-widget-wrap elementor-element-populated\">\n\t\t\t\t\t\t<div class=\"elementor-element elementor-element-50356ccb elementor-view-default elementor-widget elementor-widget-icon\" data-id=\"50356ccb\" data-element_type=\"widget\" data-widget_type=\"icon.default\">\n\t\t\t\t<div class=\"elementor-widget-container\">\n\t\t\t\t\t\t\t<div class=\"elementor-icon-wrapper\">\n\t\t\t<div class=\"elementor-icon\">\n\t\t\t<i aria-hidden=\"true\" class=\"fas fa-cookie-bite\"><\/i>\t\t\t<\/div>\n\t\t<\/div>\n\t\t\t\t\t\t<\/div>\n\t\t\t\t<\/div>\n\t\t\t\t\t<\/div>\n\t\t<\/div>\n\t\t\t\t\t<\/div>\n\t\t<\/section>\n\t\t\t\t<div class=\"elementor-element elementor-element-359f6def elementor-widget elementor-widget-text-editor\" data-id=\"359f6def\" data-element_type=\"widget\" data-widget_type=\"text-editor.default\">\n\t\t\t\t<div class=\"elementor-widget-container\">\n\t\t\t\t\t\t\t\t\t<p>K\u00e4yt\u00e4mme verkkosivuillamme ev\u00e4steit\u00e4 ja muita vastaavia tekniikoita. K\u00e4ytt\u00e4m\u00e4mme ev\u00e4steet ker\u00e4\u00e4v\u00e4t tietoja verkkosivustojen k\u00e4yt\u00f6st\u00e4si ja tallentavat tiedot laitteellesi. Teemme t\u00e4m\u00e4n varmistaaksemme, ett\u00e4 sivustomme toimivat tyydytt\u00e4v\u00e4sti ja ovat helppok\u00e4ytt\u00f6isi\u00e4, parantaaksemme k\u00e4ytt\u00f6kokemustasi ja tarjotaksemme sinulle sopivia tarjouksia.<\/p>\n\t\t\t\t\t\t\t\t<\/div>\n\t\t\t\t<\/div>\n\t\t\t\t<div class=\"elementor-element elementor-element-65e7481c elementor-widget elementor-widget-heading\" data-id=\"65e7481c\" data-element_type=\"widget\" data-widget_type=\"heading.default\">\n\t\t\t\t<div class=\"elementor-widget-container\">\n\t\t\t\t\t<h2 class=\"elementor-heading-title elementor-size-default\">Sinun suostumuksesi tarvitaan<\/h2>\t\t\t\t<\/div>\n\t\t\t\t<\/div>\n\t\t\t\t<div class=\"elementor-element elementor-element-740bac53 elementor-widget elementor-widget-text-editor\" data-id=\"740bac53\" data-element_type=\"widget\" data-widget_type=\"text-editor.default\">\n\t\t\t\t<div class=\"elementor-widget-container\">\n\t\t\t\t\t\t\t\t\t<p>P\u00e4\u00e4t\u00e4t, hyv\u00e4ksytk\u00f6 ev\u00e4steet laitteellesi vai et. Kaikkien ev\u00e4steiden k\u00e4ytt\u00f6\u00f6n vaaditaan suostumuksesi, mutta ei ev\u00e4steiden k\u00e4ytt\u00f6\u00f6n, jotka ovat v\u00e4ltt\u00e4m\u00e4tt\u00f6mi\u00e4 k\u00e4ytt\u00e4j\u00e4n\u00e4 itse pyyt\u00e4m\u00e4si palvelun mahdollistamiseksi. Annat suostumuksesi jatkamalla sivustojemme k\u00e4ytt\u00f6\u00e4. Jos et hyv\u00e4ksy ev\u00e4steidemme k\u00e4ytt\u00f6\u00e4 tai jos olet aiemmin hyv\u00e4ksynyt k\u00e4ytt\u00f6mme ja olet muuttanut mielt\u00e4si, voit muuttaa ev\u00e4steasetuksiasi milloin tahansa.<\/p>\n\t\t\t\t\t\t\t\t<\/div>\n\t\t\t\t<\/div>\n\t\t\t\t<div class=\"elementor-element elementor-element-65106a6d elementor-widget elementor-widget-heading\" data-id=\"65106a6d\" data-element_type=\"widget\" data-widget_type=\"heading.default\">\n\t\t\t\t<div class=\"elementor-widget-container\">\n\t\t\t\t\t<h2 class=\"elementor-heading-title elementor-size-default\">Mit\u00e4 ev\u00e4steet ovat?<\/h2>\t\t\t\t<\/div>\n\t\t\t\t<\/div>\n\t\t\t\t<div class=\"elementor-element elementor-element-e9963e6 elementor-widget elementor-widget-text-editor\" data-id=\"e9963e6\" data-element_type=\"widget\" data-widget_type=\"text-editor.default\">\n\t\t\t\t<div class=\"elementor-widget-container\">\n\t\t\t\t\t\t\t\t\t<p>Ev\u00e4ste on pieni tekstitiedosto, joka tallentuu selaimeesi, kun se yhdistet\u00e4\u00e4n verkkosivustolle. Tietyntyyppiset ev\u00e4steet ovat v\u00e4ltt\u00e4m\u00e4tt\u00f6mi\u00e4 sen varmistamiseksi, ett\u00e4 verkkosivustomme toimivat oikein ja ett\u00e4 niit\u00e4 on helppo k\u00e4ytt\u00e4\u00e4. Muun tyyppisi\u00e4 ev\u00e4steit\u00e4 k\u00e4ytet\u00e4\u00e4n ker\u00e4\u00e4m\u00e4\u00e4n tietoa siit\u00e4, mit\u00e4 teet vieraillessasi verkkosivuillamme.<\/p>\n\t\t\t\t\t\t\t\t<\/div>\n\t\t\t\t<\/div>\n\t\t\t\t<div class=\"elementor-element elementor-element-7b40dc54 elementor-widget elementor-widget-toggle\" data-id=\"7b40dc54\" data-element_type=\"widget\" data-widget_type=\"toggle.default\">\n\t\t\t\t<div class=\"elementor-widget-container\">\n\t\t\t\t\t\t\t<div class=\"elementor-toggle\">\n\t\t\t\t\t\t\t<div class=\"elementor-toggle-item\">\n\t\t\t\t\t<div id=\"elementor-tab-title-2061\" class=\"elementor-tab-title\" data-tab=\"1\" role=\"button\" aria-controls=\"elementor-tab-content-2061\" aria-expanded=\"false\">\n\t\t\t\t\t\t\t\t\t\t\t\t<span class=\"elementor-toggle-icon elementor-toggle-icon-left\" aria-hidden=\"true\">\n\t\t\t\t\t\t\t\t\t\t\t\t\t\t\t<span class=\"elementor-toggle-icon-closed\"><i class=\"fas fa-caret-right\"><\/i><\/span>\n\t\t\t\t\t\t\t\t<span class=\"elementor-toggle-icon-opened\"><i class=\"elementor-toggle-icon-opened fas fa-caret-up\"><\/i><\/span>\n\t\t\t\t\t\t\t\t\t\t\t\t\t<\/span>\n\t\t\t\t\t\t\t\t\t\t\t\t<a class=\"elementor-toggle-title\" tabindex=\"0\">Ev\u00e4stek\u00e4yt\u00e4nt\u00f6 EASYFAIRS RYHM\u00c4 & JA SITOUMUSYHTEIS\u00d6T<\/a>\n\t\t\t\t\t<\/div>\n\n\t\t\t\t\t<div id=\"elementor-tab-content-2061\" class=\"elementor-tab-content elementor-clearfix\" data-tab=\"1\" role=\"region\" aria-labelledby=\"elementor-tab-title-2061\"><p>Johdanto<\/p>\n<ul>\n<li>Easyfairs International SA\/NV on konserniyhti\u00f6iden emoyhti\u00f6, joka toimii live-tapahtumien ja n\u00e4yttelyiden j\u00e4rjest\u00e4misess\u00e4 sek\u00e4 tapahtumapaikkojen hallinnassa.<\/li>\n<li>Easyfairs International SA\/NV ja sen liittyv\u00e4t yhti\u00f6t ottavat asiakkaidensa (n\u00e4ytteilleasettajat, osallistujat, vierailijat, j\u00e4rjest\u00e4j\u00e4t, lukijat, mainostajat, j\u00e4senet, kumppanit, mahdolliset asiakkaat jne.) henkil\u00f6tiedot eritt\u00e4in vakavasti. Siksi asiakkaidemme henkil\u00f6tiedot s\u00e4ilytet\u00e4\u00e4n turvallisesti ja niit\u00e4 k\u00e4sitell\u00e4\u00e4n \u00e4\u00e4rimm\u00e4isen huolellisesti. T\u00e4m\u00e4 p\u00e4tee my\u00f6s toimittajiin, muihin sidosryhmiin ja kaikkiin meihin yhteydess\u00e4 oleviin osapuoliin.<\/li>\n<li>K\u00e4sitelless\u00e4\u00e4n henkil\u00f6tietojasi Easyfairs International SA\/NV ja sen liittyv\u00e4t yhti\u00f6t kunnioittavat oikeuttasi yksityisyyteen ja k\u00e4sittelev\u00e4t henkil\u00f6tietojasi vain sovellettavien tietosuojalakien mukaisesti, mukaan lukien yleinen tietosuoja-asetus (asetus 2016\/679) (&#8220;<strong>GDPR<\/strong>&#8220;), direktiivi 2002\/58\/EY henkil\u00f6tietojen k\u00e4sittelyst\u00e4 ja yksityisyyden suojasta s\u00e4hk\u00f6isen viestinn\u00e4n alalla (&#8220;<strong>ePrivacy-direktiivi<\/strong>&#8220;) sek\u00e4 kansalliset tietosuojalait.<\/li>\n<li>T\u00e4m\u00e4 tietosuojak\u00e4yt\u00e4nt\u00f6 (j\u00e4ljemp\u00e4n\u00e4 &#8220;K\u00e4yt\u00e4nt\u00f6&#8221;) selitt\u00e4\u00e4 (i) mit\u00e4 ev\u00e4steit\u00e4 laitteellesi asetetaan ja kuinka kauan, (ii) kuinka voit poistaa ev\u00e4steet laitteeltasi ja (iii) mitk\u00e4 ovat oikeutesi liittyen kyseisiin ev\u00e4steisiin.<\/li>\n<li>Yhteystiedot tietojen k\u00e4sittelij\u00e4\u00e4n<\/li>\n<li>Henkil\u00f6tietojasi k\u00e4sittelev\u00e4t seuraavat <strong>Yhteiset tietojen k\u00e4sittelij\u00e4t: <\/strong><\/li>\n<\/ul>\n<p><\/p>\n<ul>\n<li>Easyfairs Nordic AB, osoitteessa \u00c5by Arenav\u00e4g 8A, 431 62 M\u00f6lndal, Ruotsi<\/li>\n<li>\u2026..<\/li>\n<li>Easyfairs Group SA, osoitteessa Rue Saint-Lambert 135, 1200 WoluweSaint-Lambert, Belgia.<\/li>\n<\/ul>\n<p><strong>(<\/strong>Yhdess\u00e4<strong> &#8220;Easyfairs&#8221;, &#8220;me&#8221; ja &#8220;meit\u00e4&#8221;)<\/strong><\/p>\n<ul>\n<li>Jos sinulla on kysytt\u00e4v\u00e4\u00e4 t\u00e4st\u00e4 ev\u00e4stek\u00e4yt\u00e4nn\u00f6st\u00e4 tai jos haluat k\u00e4ytt\u00e4\u00e4 oikeuksiasi kohdan 10 mukaisesti, ota yhteytt\u00e4 paikalliseen tietosuojavastaavaamme, Goran Bajku\u0161aan, joko postitse tai s\u00e4hk\u00f6postitse seuraavaan osoitteeseen: Easyfairs AB, \u00c5by Arenav\u00e4g 8A, 431 62 M\u00f6lndal tai s\u00e4hk\u00f6postiosoitteeseen <a href=\"mailto:PrivacySE@easyfairs.com\">PrivacySE@easyfairs.com<\/a> kohdassa 10 kuvatun tietosuojak\u00e4yt\u00e4nn\u00f6n mukaisesti.<\/li>\n<li>Voit my\u00f6s ottaa yhteytt\u00e4 ryhm\u00e4n tietosuojavastaavaan s\u00e4hk\u00f6postitse seuraavassa osoitteessa: <a href=\"mailto:dpo@easyfairs.com\">dpo@easyfairs.com<\/a>.<\/li>\n<li>Mik\u00e4 on tietojen k\u00e4sittelyn tarkoitus ja oikeusperusta?<\/li>\n<\/ul>\n<p><\/p>\n<ul>\n<li><em>Toiminnalliset ev\u00e4steet, jotka ovat ehdottoman v\u00e4ltt\u00e4m\u00e4tt\u00f6mi\u00e4 t\u00e4m\u00e4n verkkosivuston toiminnalle<\/em><\/li>\n<\/ul>\n<p><\/p>\n<ul>\n<li>K\u00e4sittelemme toiminnallisia ev\u00e4steit\u00e4 toteuttaaksemme oikeutetut etumme (GDPR:n 6 artiklan 1 kohdan f alakohdan mukaisesti), erityisesti seuraaviin tarkoituksiin:<\/li>\n<\/ul>\n<p>(a) mitata ja optimoida verkkosivustomme suorituskyky\u00e4;<br \/>(b) tarjota korkean suorituskyvyn ja mukautetun k\u00e4ytt\u00f6liittym\u00e4n verkkosivustomme vierailijoille;<\/p>\n<p>(c) k\u00e4ytt\u00e4\u00e4 henkil\u00f6tietojasi koottujen tai anonymisoitujen mallien sis\u00e4ll\u00e4 markkina-analyysien, taloushallinnon, markkinoinnin tai raportoinnin perustamiseksi tai suorittamiseksi tai muiden tyyppisten analyysien, kuten suurten tietomassojen analyysien tai muiden analyysien, suorittamiseksi;<\/p>\n<p>Edell\u00e4 mainituissa tapauksissa pyrimme aina yll\u00e4pit\u00e4m\u00e4\u00e4n oikeudenmukaista tasapainoa henkil\u00f6tietojesi k\u00e4sittelyn tarpeen ja oikeuksiesi ja vapauksiesi, mukaan lukien yksityisyytesi kunnioittamisen, s\u00e4ilytt\u00e4misen v\u00e4lill\u00e4.<\/p>\n<ul>\n<li><em>Ei-toiminnalliset ev\u00e4steet<\/em><\/li>\n<li>K\u00e4sittelemme ei-toiminnallisia ev\u00e4steit\u00e4 suostumuksellasi (GDPR:n 6 artiklan 1 kohdan a alakohdan mukaisesti), erityisesti seuraaviin tarkoituksiin:<\/li>\n<\/ul>\n<p>(a) arvioida ja optimoida online-palvelujemme laatu ja digitaalisten alustojemme k\u00e4yt\u00f6n helppous, jotta voimme tarjota sinulle parhaan mahdollisen k\u00e4ytt\u00f6kokemuksen;<br \/>(b) luoda asiakas- tai potentiaalisen asiakkaan segmenttej\u00e4 tai markkinointiprofiileja, esimerkiksi kohdennettua markkinointia varten;<\/p>\n<ul>\n<li>OIKEUTESI KOSKIEN HENKIL\u00d6TIETOJASI<\/li>\n<\/ul>\n<p>Henkil\u00f6tietojen rekister\u00f6ityn\u00e4 sinulla on seuraavat oikeudet henkil\u00f6tietoihisi liittyen.<br \/>N\u00e4iden oikeuksien k\u00e4ytt\u00e4miseksi ota yhteytt\u00e4 paikalliseen tietosuojavastaavaamme, joko postitse tai s\u00e4hk\u00f6postitse kohdassa 2.2 mainittuihin osoitteisiin, liitt\u00e4en kopion henkil\u00f6llisyystodistuksestasi, passistasi tai muusta voimassa olevasta henkil\u00f6llisyystodistuksesta ja tarkka pyynt\u00f6si.<\/p>\n<ul>\n<li><strong>Oikeus saada p\u00e4\u00e4sy.<\/strong> Voit, mik\u00e4li sovellettava laki sallii, pyyt\u00e4\u00e4 tietoa siit\u00e4, k\u00e4sittelemmek\u00f6 henkil\u00f6tietojasi ja tarvittaessa saada niihin p\u00e4\u00e4syn.<\/li>\n<li><strong>Oikeus oikaista<\/strong>. Voit pyyt\u00e4\u00e4 meit\u00e4 oikaisemaan mahdolliset virheelliset ja\/tai t\u00e4ydent\u00e4m\u00e4\u00e4n mahdolliset puutteelliset henkil\u00f6tiedot ilmaiseksi.<\/li>\n<li><strong>Oikeus peruuttaa suostumus.<\/strong> Voit peruuttaa suostumuksesi ev\u00e4steisiin milloin tahansa sovellettavan lain sallimissa rajoissa. T\u00e4llainen peruutus ei vaikuta suostumuksesi perusteella tehtyyn k\u00e4sittelyyn. Huomaa, ett\u00e4 jos peruutat suostumuksesi, et ehk\u00e4 voi hy\u00f6ty\u00e4 tietyist\u00e4 palvelun ominaisuuksista, joiden henkil\u00f6tietojen k\u00e4sittely on v\u00e4ltt\u00e4m\u00e4t\u00f6nt\u00e4.<\/li>\n<li><strong>Oikeus tietojen poistamiseen.<\/strong> Voit pyyt\u00e4\u00e4 meit\u00e4 poistamaan henkil\u00f6tietosi, ja noudatamme pyynt\u00f6\u00e4si, ellei siihen ole laillista estett\u00e4. Esimerkiksi voimme joutua s\u00e4ilytt\u00e4m\u00e4\u00e4n henkil\u00f6tietojasi, jos meill\u00e4 on oikeudellinen velvoite noudattaa sit\u00e4, tai jos s\u00e4ilytt\u00e4minen on tarpeen, jotta voimme t\u00e4ytt\u00e4\u00e4 oikeudelliset velvoitteemme.<\/li>\n<li><strong>Oikeus tehd\u00e4 valitus valvontaviranomaiselle.<\/strong> Sinulla on oikeus ottaa yhteytt\u00e4 asianmukaiseen valvontaviranomaiseen, jos katsoit, ett\u00e4 k\u00e4sittelemme henkil\u00f6tietojasi lainvastaisesti.<\/li>\n<\/ul>\n<p><\/p>\n<ul>\n<li>Linkitetyt verkkosivustot<\/li>\n<\/ul>\n<p>Emme ole vastuussa muiden verkkosivustojen tietosuojak\u00e4yt\u00e4nn\u00f6ist\u00e4 ja -k\u00e4yt\u00e4nn\u00f6ist\u00e4, vaikka olisitkin k\u00e4ytt\u00e4nyt kolmannen osapuolen verkkosivustoa linkkien kautta sivustoltamme. Suosittelemme tarkistamaan jokaisen vierailemasi verkkosivuston k\u00e4yt\u00e4nn\u00f6n ja ottamaan yhteytt\u00e4 kyseisen verkkosivuston omistajaan tai yll\u00e4pit\u00e4j\u00e4\u00e4n, jos sinulla on huolenaiheita tai kysymyksi\u00e4.<\/p>\n<ul>\n<li>Politiiikan muutokset<\/li>\n<\/ul>\n<p>Pid\u00e4t\u00e4mme oikeuden muuttaa tai muokata t\u00e4t\u00e4 k\u00e4yt\u00e4nt\u00f6\u00e4 ilman erillist\u00e4 ilmoitusta, ja jos teemme niin, julkaisemme muutokset t\u00e4ll\u00e4 sivulla. Sinun vastuullasi on tarkistaa k\u00e4yt\u00e4nt\u00f6 aina, kun l\u00e4het\u00e4t meille tietoja tai teet tilauksen.<\/p>\n<\/div>\n\t\t\t\t<\/div>\n\t\t\t\t\t\t\t\t<\/div>\n\t\t\t\t\t\t<\/div>\n\t\t\t\t<\/div>\n\t\t\t\t<div class=\"elementor-element elementor-element-42e1d8be elementor-widget elementor-widget-iframe-widget\" data-id=\"42e1d8be\" data-element_type=\"widget\" data-widget_type=\"iframe-widget.default\">\n\t\t\t\t<div class=\"elementor-widget-container\">\n\t\t\t\t\t<script type=\"text\/javascript\" charset=\"UTF-8\"  data-cookiescriptreport=\"report\" src=\"\/\/report.cookie-script.com\/r\/319adf92861bef91c077bc5f399db4ea.js\"><\/script>\t\t\t\t<\/div>\n\t\t\t\t<\/div>\n\t\t\t\t\t<\/div>\n\t\t<\/div>\n\t\t\t\t\t<\/div>\n\t\t<\/section>\n\t\t\t\t<\/div>\n\t\t","protected":false},"excerpt":{"rendered":"<p>EV\u00c4STEK\u00c4YT\u00c4NT\u00d6 K\u00e4yt\u00e4mme verkkosivuillamme ev\u00e4steit\u00e4 ja muita vastaavia tekniikoita. K\u00e4ytt\u00e4m\u00e4mme ev\u00e4steet ker\u00e4\u00e4v\u00e4t tietoja verkkosivustojen k\u00e4yt\u00f6st\u00e4si ja tallentavat tiedot laitteellesi. Teemme t\u00e4m\u00e4n varmistaaksemme, ett\u00e4 sivustomme toimivat tyydytt\u00e4v\u00e4sti ja ovat helppok\u00e4ytt\u00f6isi\u00e4, parantaaksemme k\u00e4ytt\u00f6kokemustasi ja tarjotaksemme sinulle sopivia tarjouksia. Sinun suostumuksesi tarvitaan P\u00e4\u00e4t\u00e4t, hyv\u00e4ksytk\u00f6 ev\u00e4steet laitteellesi vai et. Kaikkien ev\u00e4steiden k\u00e4ytt\u00f6\u00f6n vaaditaan suostumuksesi, mutta ei ev\u00e4steiden k\u00e4ytt\u00f6\u00f6n, jotka ovat [&hellip;]<\/p>\n","protected":false},"author":16,"featured_media":0,"parent":0,"menu_order":0,"comment_status":"closed","ping_status":"closed","template":"","meta":{"_seopress_robots_primary_cat":"","_seopress_titles_title":"","_seopress_titles_desc":"","_seopress_robots_index":"","footnotes":""},"class_list":["post-1154","page","type-page","status-publish","hentry"],"_links":{"self":[{"href":"https:\/\/www.empacktampere.fi\/fi\/wp-json\/wp\/v2\/pages\/1154","targetHints":{"allow":["GET"]}}],"collection":[{"href":"https:\/\/www.empacktampere.fi\/fi\/wp-json\/wp\/v2\/pages"}],"about":[{"href":"https:\/\/www.empacktampere.fi\/fi\/wp-json\/wp\/v2\/types\/page"}],"author":[{"embeddable":true,"href":"https:\/\/www.empacktampere.fi\/fi\/wp-json\/wp\/v2\/users\/16"}],"replies":[{"embeddable":true,"href":"https:\/\/www.empacktampere.fi\/fi\/wp-json\/wp\/v2\/comments?post=1154"}],"version-history":[{"count":5,"href":"https:\/\/www.empacktampere.fi\/fi\/wp-json\/wp\/v2\/pages\/1154\/revisions"}],"predecessor-version":[{"id":1521,"href":"https:\/\/www.empacktampere.fi\/fi\/wp-json\/wp\/v2\/pages\/1154\/revisions\/1521"}],"wp:attachment":[{"href":"https:\/\/www.empacktampere.fi\/fi\/wp-json\/wp\/v2\/media?parent=1154"}],"curies":[{"name":"wp","href":"https:\/\/api.w.org\/{rel}","templated":true}]}}